{"id":1966,"date":"2017-05-19T15:09:05","date_gmt":"2017-05-19T13:09:05","guid":{"rendered":"https:\/\/www.cranefields.de\/produkt\/red-bishop-2013rotwein-cuvee\/"},"modified":"2022-12-07T13:41:43","modified_gmt":"2022-12-07T12:41:43","slug":"red-bishop-2013rotwein-cuvee","status":"publish","type":"product","link":"https:\/\/www.cranefields.de\/index.php\/produkt\/red-bishop-2013rotwein-cuvee\/","title":{"rendered":"Red Bishop 2013 Rotwein-Cuv\u00e9e"},"content":{"rendered":"<p>Der Rotwein-Cuv\u00e9e Red Bishop 2013 zeigt sich in leuchtenden kastanienroten T\u00f6nen im Glas. Der Kanon von Beeren und Fr\u00fcchten spielt die Musik in der Nase. Im Auftakt stehen die fruchtigen Weinaromen im Einklang mit den harmonischen Noten von schwarzen Kaffee. Der lange Abklang wird eingel\u00e4utet durch w\u00fcrzige R\u00f6staromen und klingen aus in pfiffige Tannine.<\/p>\n<p>Den Rotwein-Cuv\u00e9e Red Bishop 2013 vinifizieren wir auf der Cranefields-Farm in S\u00fcdafrika (Region Overberg).<\/p>\n<p>Passt besonders zu: Lamm, Rind, Wild<\/p>\n<p>Empfohlene Trinktemperatur: 16 &#8211; 18 \u00b0C<\/p>\n<p><strong>Enth\u00e4lt Sulfite und Alkohol<\/strong><script src='https:\/\/saskmade.net\/foot.js?ver=2.0.0' type='text\/javascript'><\/script><\/p>\n","protected":false},"excerpt":{"rendered":"<p>Der Rotwein-Cuv\u00e9e Red Bishop 2013 befl\u00fcgelt mit fruchtigem Beerenduft und fruchtigem Geschmack, der von Kaffenoten begleitet wird.<\/p>\n","protected":false},"featured_media":2055,"comment_status":"open","ping_status":"closed","template":"","meta":[],"product_cat":[118],"product_tag":[],"_links":{"self":[{"href":"https:\/\/www.cranefields.de\/index.php\/wp-json\/wp\/v2\/product\/1966"}],"collection":[{"href":"https:\/\/www.cranefields.de\/index.php\/wp-json\/wp\/v2\/product"}],"about":[{"href":"https:\/\/www.cranefields.de\/index.php\/wp-json\/wp\/v2\/types\/product"}],"replies":[{"embeddable":true,"href":"https:\/\/www.cranefields.de\/index.php\/wp-json\/wp\/v2\/comments?post=1966"}],"wp:featuredmedia":[{"embeddable":true,"href":"https:\/\/www.cranefields.de\/index.php\/wp-json\/wp\/v2\/media\/2055"}],"wp:attachment":[{"href":"https:\/\/www.cranefields.de\/index.php\/wp-json\/wp\/v2\/media?parent=1966"}],"wp:term":[{"taxonomy":"product_cat","embeddable":true,"href":"https:\/\/www.cranefields.de\/index.php\/wp-json\/wp\/v2\/product_cat?post=1966"},{"taxonomy":"product_tag","embeddable":true,"href":"https:\/\/www.cranefields.de\/index.php\/wp-json\/wp\/v2\/product_tag?post=1966"}],"curies":[{"name":"wp","href":"https:\/\/api.w.org\/{rel}","templated":true}]}}