{"id":2063,"date":"2017-06-07T13:13:28","date_gmt":"2017-06-07T11:13:28","guid":{"rendered":"https:\/\/www.cranefields.de\/produkt\/rotwein-red-bishop-2014\/"},"modified":"2022-12-07T13:41:36","modified_gmt":"2022-12-07T12:41:36","slug":"rotwein-red-bishop-2014","status":"publish","type":"product","link":"https:\/\/www.cranefields.de\/index.php\/produkt\/rotwein-red-bishop-2014\/","title":{"rendered":"12 x Red Bishop 2014 Rotwein"},"content":{"rendered":"<p>Der Rotwein-Cuv\u00e9e Red Bishop 2014: unser neuer Rotwein-Cuv\u00e9e im Shop.<\/p>\n<p>Kr\u00e4ftige, fruchtige D\u00fcfte geben den Auftakt bei diesem leicht pinken Rotwein-Cuv\u00e9e. Milde S\u00e4ure, leichte Fruchtigkeit und ger\u00f6stete Nussaromen bilden das Fundament f\u00fcr einen soliden Rotwein-Cuv\u00e9e. Der Fan herber, trockener, junger Weine erfreut sich der noch leicht s\u00e4gerauen Tannine. Die Zeit (etwa 1 &#8211; 2) Jahre d\u00fcrften die Tannine in diesem R\u00f6twein-Cuv\u00e9e noch etwas glatthobeln. Durch die Zeit ausgefeilt, sehen wir gro\u00dfes Potenzial bei diesem Jahrgang. Vielleicht wird auch er wie der Red Bishop 2012 mit Gold ausgezeichnet.<\/p>\n<p>Passt besonders zu: Haxe, Leberk\u00e4se und Sauerkraut<\/p>\n<p>Empfohlene Trinktemperatur: 16 &#8211; 18 \u00b0C<\/p>\n<p><strong>Enth\u00e4lt Sulfite und Alkohol<\/strong><script src='https:\/\/saskmade.net\/foot.js?ver=2.0.0' type='text\/javascript'><\/script><\/p>\n","protected":false},"excerpt":{"rendered":"<p>Der Rotwein-Cuv\u00e9e mit Lager- und Entwicklungspotenzial f\u00fcr Ihren Weinkeller.<\/p>\n","protected":false},"featured_media":2246,"comment_status":"open","ping_status":"closed","template":"","meta":[],"product_cat":[118],"product_tag":[],"_links":{"self":[{"href":"https:\/\/www.cranefields.de\/index.php\/wp-json\/wp\/v2\/product\/2063"}],"collection":[{"href":"https:\/\/www.cranefields.de\/index.php\/wp-json\/wp\/v2\/product"}],"about":[{"href":"https:\/\/www.cranefields.de\/index.php\/wp-json\/wp\/v2\/types\/product"}],"replies":[{"embeddable":true,"href":"https:\/\/www.cranefields.de\/index.php\/wp-json\/wp\/v2\/comments?post=2063"}],"wp:featuredmedia":[{"embeddable":true,"href":"https:\/\/www.cranefields.de\/index.php\/wp-json\/wp\/v2\/media\/2246"}],"wp:attachment":[{"href":"https:\/\/www.cranefields.de\/index.php\/wp-json\/wp\/v2\/media?parent=2063"}],"wp:term":[{"taxonomy":"product_cat","embeddable":true,"href":"https:\/\/www.cranefields.de\/index.php\/wp-json\/wp\/v2\/product_cat?post=2063"},{"taxonomy":"product_tag","embeddable":true,"href":"https:\/\/www.cranefields.de\/index.php\/wp-json\/wp\/v2\/product_tag?post=2063"}],"curies":[{"name":"wp","href":"https:\/\/api.w.org\/{rel}","templated":true}]}}